{"id":11,"date":"2022-05-25T07:54:56","date_gmt":"2022-05-25T07:54:56","guid":{"rendered":"https:\/\/coach-lab.pl\/?page_id=11"},"modified":"2022-12-08T08:06:59","modified_gmt":"2022-12-08T08:06:59","slug":"our-coaching-services","status":"publish","type":"page","link":"https:\/\/coach-lab.pl\/pl\/nasze-uslugi-coachingowe\/","title":{"rendered":"Nasze us\u0142ugi coachingowe"},"content":{"rendered":"<p>Oferuj\u0119 holistyczne pakiety coachingowe, kt\u00f3re oferuj\u0105 coaching jeden na jednego dla os\u00f3b na ca\u0142ym \u015bwiecie. Wychodz\u0119 poza sam coaching, robi\u0119 ten dodatkowy krok, aby zapewni\u0107 Ci w\u0142a\u015bciwe umiej\u0119tno\u015bci podejmowania decyzji i odpowiedni\u0105 etyk\u0119 pracy<\/p>\n\n\n\n<p><\/p>\n\n\n\n<p><strong>Coaching biznesowy<\/strong><\/p>\n\n\n\n<p>Osi\u0105gaj i przekraczaj swoje cele biznesowe, zdobywaj\u0105c i maksymalizuj\u0105c zestaw umiej\u0119tno\u015bci dzi\u0119ki efektywnemu coachingowi. Programy coachingowe oferuj\u0105 interwencje ukierunkowane na wyniki, kt\u00f3re pozwalaj\u0105 uzyska\u0107 jasn\u0105 wizj\u0119 i cele oraz pomagaj\u0105 stworzy\u0107 plan ich osi\u0105gni\u0119cia.&nbsp;<\/p>\n\n\n\n<p>Ucz\u0119 zar\u00f3wno umiej\u0119tno\u015bci mi\u0119kkich, jak i technik praktycznych niezb\u0119dnych do odniesienia sukcesu na konkurencyjnym rynku.<\/p>\n\n\n\n<p><\/p>\n\n\n\n<p><strong>Coaching \u017cyciowy<\/strong><\/p>\n\n\n\n<p>Oferuj\u0119 spersonalizowane us\u0142ugi life coachingu, kt\u00f3re s\u0105 dostosowane do Twoich konkretnych potrzeb. Przekszta\u0142\u0107 swoje wymarzone \u017cycie w rzeczywisto\u015b\u0107 dzi\u0119ki do\u015bwiadczeniu life coachingu, kt\u00f3re da ci jasno\u015b\u0107 co do twoich mocnych i s\u0142abych stron oraz jak je wykorzysta\u0107, aby sta\u0107 si\u0119 osob\u0105, kt\u00f3rej pragniesz.<\/p>\n\n\n\n<p>Jako coach pomagam budowa\u0107 pewno\u015b\u0107 siebie i prowadz\u0119 Ci\u0119 na \u015bcie\u017ck\u0105 odkrywania tego kim jeste\u015b.&nbsp;<\/p>\n\n\n\n<p>Osi\u0105gnij i utrzymuj zdrow\u0105 r\u00f3wnowag\u0119 mi\u0119dzy \u017cyciem zawodowym a prywatnym, naucz si\u0119 radzi\u0107 sobie ze stresem i znajd\u017a wewn\u0119trzny spok\u00f3j<\/p>\n\n\n\n<p><\/p>\n\n\n\n<p><strong><a href=\"https:\/\/coach-lab.pl\/pl\/coaching-relacji\/\" data-type=\"page\" data-id=\"69\">Coaching relacji<\/a><\/strong><\/p>\n\n\n\n<p>Prowadz\u0119 coaching relacji dla os\u00f3b, kt\u00f3re chcia\u0142yby poprawi\u0107 swoje relacje interpersonalne nie tylko ze wsp\u00f3\u0142ma\u0142\u017conkiem, ale tak\u017ce z rodzin\u0105, przyjaci\u00f3\u0142mi i wsp\u00f3\u0142pracownikami.&nbsp;<\/p>\n\n\n\n<p>Je\u015bli zmagasz si\u0119 z utrzymaniem relacji romantycznych lub platonicznych, ten pakiet jest przeznaczony dla Ciebie. Nauczysz si\u0119 bezcennych lekcji na temat dynamiki i kompleks\u00f3w, kt\u00f3re istniej\u0105 w ka\u017cdym zwi\u0105zku oraz kluczy do produktywnych relacji.<\/p>\n\n\n\n<p>Opanuj w\u0142a\u015bciwe umiej\u0119tno\u015bci komunikacyjne dzi\u0119ki mojej us\u0142udze coachingu relacji i obserwuj, jak twoje relacje osi\u0105gaj\u0105 nowe wy\u017cyny.<\/p>","protected":false},"excerpt":{"rendered":"<p>I provide holistic coaching packages that offer one-on-one coaching for individuals around the world. I go beyond just coaching, I take that extra step to ensure that you get proper decision-making skills and proper work ethics that make you valuable. Business Coaching Achieve and exceed your business goals by acquiring and maximizing your skill set [&hellip;]<\/p>\n","protected":false},"author":1,"featured_media":0,"parent":0,"menu_order":0,"comment_status":"closed","ping_status":"closed","template":"","meta":{"footnotes":""},"jetpack_sharing_enabled":true,"_links":{"self":[{"href":"https:\/\/coach-lab.pl\/pl\/wp-json\/wp\/v2\/pages\/11"}],"collection":[{"href":"https:\/\/coach-lab.pl\/pl\/wp-json\/wp\/v2\/pages"}],"about":[{"href":"https:\/\/coach-lab.pl\/pl\/wp-json\/wp\/v2\/types\/page"}],"author":[{"embeddable":true,"href":"https:\/\/coach-lab.pl\/pl\/wp-json\/wp\/v2\/users\/1"}],"replies":[{"embeddable":true,"href":"https:\/\/coach-lab.pl\/pl\/wp-json\/wp\/v2\/comments?post=11"}],"version-history":[{"count":5,"href":"https:\/\/coach-lab.pl\/pl\/wp-json\/wp\/v2\/pages\/11\/revisions"}],"predecessor-version":[{"id":127,"href":"https:\/\/coach-lab.pl\/pl\/wp-json\/wp\/v2\/pages\/11\/revisions\/127"}],"wp:attachment":[{"href":"https:\/\/coach-lab.pl\/pl\/wp-json\/wp\/v2\/media?parent=11"}],"curies":[{"name":"wp","href":"https:\/\/api.w.org\/{rel}","templated":true}]}}