{"id":15,"date":"2022-07-14T14:44:39","date_gmt":"2022-07-14T14:44:39","guid":{"rendered":"https:\/\/coach-lab.pl\/?page_id=15"},"modified":"2022-12-09T07:50:21","modified_gmt":"2022-12-09T07:50:21","slug":"about-me-ada-huber","status":"publish","type":"page","link":"https:\/\/coach-lab.pl\/pl\/o-mnie-ada-huber\/","title":{"rendered":"O mnie \/ Ada Huber"},"content":{"rendered":"<p>Pasjonuj\u0119 si\u0119 rozwojem osobistym. Od 15 lat pracuj\u0119 w bran\u017cy HR, wykorzystuj\u0105c r\u00f3\u017cne techniki, aby wspom\u00f3c samorozw\u00f3j ludzi we wsp\u00f3\u0142pracy z r\u00f3\u017cnymi organizacjami. Mam dyplom z pedagogiki, psychologii i zarz\u0105dzania zasobami ludzkimi i uwielbiam dzieli\u0107 z lud\u017ami momenty, kt\u00f3re pozwalaj\u0105 im zmieni\u0107 niechciane nawyki, przej\u0105\u0107 kontrol\u0119 nad w\u0142asnym \u017cyciem i zarz\u0105dza\u0107 emocjami.<\/p>\n\n\n\n<figure class=\"wp-block-image alignright size-full wp-duotone-000097-ff4747-1\"><img loading=\"lazy\" decoding=\"async\" width=\"500\" height=\"500\" src=\"https:\/\/coach-lab.pl\/wp-content\/uploads\/2022\/07\/1575542904489.jpeg\" alt=\"\" class=\"wp-image-53\" srcset=\"https:\/\/coach-lab.pl\/wp-content\/uploads\/2022\/07\/1575542904489.jpeg 500w, https:\/\/coach-lab.pl\/wp-content\/uploads\/2022\/07\/1575542904489-300x300.jpeg 300w, https:\/\/coach-lab.pl\/wp-content\/uploads\/2022\/07\/1575542904489-150x150.jpeg 150w, https:\/\/coach-lab.pl\/wp-content\/uploads\/2022\/07\/1575542904489-12x12.jpeg 12w\" sizes=\"(max-width: 500px) 100vw, 500px\" \/><\/figure>\n\n\n\n<p>Uwielbiam swoj\u0105 prac\u0119 i czuj\u0119 si\u0119 bardzo uprzywilejowana, pomagaj\u0105c innym w radzeniu sobie ze z\u0142o\u017conymi wyzwaniami \u017cyciowymi. S\u0142ucham Ci\u0119, zadaj\u0119 odpowiednie pytania, aby\u015b uzyska\u0142 lepszy wgl\u0105d, wspieram Ci\u0119 i pomagam dostrzec r\u00f3\u017cne mo\u017cliwo\u015bci i potencjalne konsekwencje, aby\u015b podj\u0105\u0142 najlepsz\u0105 decyzj\u0119.<\/p>\n\n\n\n<h4 class=\"wp-block-heading\">Wykszta\u0142cenie:<\/h4>\n\n\n\n<ul>\n<li>Uniwersytet Kardyna\u0142a Stefana Wyszy\u0144skiego, Warszawa \u2013 pedagogika, psychologia<\/li>\n<\/ul>\n\n\n\n<ul>\n<li>Uniwersytet SWPS, Warszawa - Zarz\u0105dzanie Zasobami Ludzkimi<\/li>\n<\/ul>\n\n\n\n<ul>\n<li>CoachWise, Warszawa \u2013 Kurs Advance Coaching \u2013 w procesie akredytacji <\/li>\n<\/ul>\n\n\n\n<ul>\n<li>Ernst&amp;Young, Warszawa \u2013 Szkolenie trener\u00f3w \u2013 w trakcie<\/li>\n<\/ul>","protected":false},"excerpt":{"rendered":"<p>I\u2019m passionate about personal growth and self-development and I have worked in the HR sector for 15 years utilizing different techniques to facilitate self-empowerment and cooperation in different organizations. I have a degree in pedagogy, psychology, and human resource management and I love giving people insights that enable them to change negative habits, take control [&hellip;]<\/p>\n","protected":false},"author":1,"featured_media":0,"parent":0,"menu_order":0,"comment_status":"closed","ping_status":"closed","template":"","meta":{"footnotes":""},"jetpack_sharing_enabled":true,"_links":{"self":[{"href":"https:\/\/coach-lab.pl\/pl\/wp-json\/wp\/v2\/pages\/15"}],"collection":[{"href":"https:\/\/coach-lab.pl\/pl\/wp-json\/wp\/v2\/pages"}],"about":[{"href":"https:\/\/coach-lab.pl\/pl\/wp-json\/wp\/v2\/types\/page"}],"author":[{"embeddable":true,"href":"https:\/\/coach-lab.pl\/pl\/wp-json\/wp\/v2\/users\/1"}],"replies":[{"embeddable":true,"href":"https:\/\/coach-lab.pl\/pl\/wp-json\/wp\/v2\/comments?post=15"}],"version-history":[{"count":6,"href":"https:\/\/coach-lab.pl\/pl\/wp-json\/wp\/v2\/pages\/15\/revisions"}],"predecessor-version":[{"id":142,"href":"https:\/\/coach-lab.pl\/pl\/wp-json\/wp\/v2\/pages\/15\/revisions\/142"}],"wp:attachment":[{"href":"https:\/\/coach-lab.pl\/pl\/wp-json\/wp\/v2\/media?parent=15"}],"curies":[{"name":"wp","href":"https:\/\/api.w.org\/{rel}","templated":true}]}}