{"id":2,"date":"2022-05-22T16:36:16","date_gmt":"2022-05-22T16:36:16","guid":{"rendered":"http:\/\/127.0.0.1\/?page_id=2"},"modified":"2022-12-09T07:43:57","modified_gmt":"2022-12-09T07:43:57","slug":"sample-page","status":"publish","type":"page","link":"https:\/\/coach-lab.pl\/pl\/","title":{"rendered":"Znajd\u017a sw\u00f3j wewn\u0119trzny spok\u00f3j i podnie\u015b sw\u00f3j potencja\u0142 dzi\u0119ki holistycznemu podej\u015bciu coachingowemu"},"content":{"rendered":"<p>Czy przechodzisz przez trudny moment w \u017cyciu? Czy czujesz, \u017ce nie wykorzystujesz w pe\u0142ni swoich mo\u017c\u0142iwo\u015bci? Brakuje Ci wyczucia kierunku? Mo\u017ce masz cel, ale nie masz planu, albo borykasz si\u0119 ze stresem i prokrastynacj\u0105? Je\u015bli Twoja odpowied\u017a na kt\u00f3rekolwiek pytanie, brzmi tak, to trafi\u0142e\u015b we w\u0142a\u015bciwe miejsce.<\/p>\n\n\n\n<p>W Coach-Lab mo\u017cemy wesprze\u0107 Ci\u0119 w podnoszeniu pewno\u015bci siebie, radzeniu sobie z przeszkodami na drodze do osi\u0105gania zamierzonych cel\u00f3w zar\u00f3wno osobistych, jak i zawodowych. W czasie spotka\u0144 coachingowych pomog\u0119 Cie zrozumie\u0107 Twoje priorytety, cele i warto\u015bci, jak r\u00f3wnie\u017c zweryfikowa\u0107 Twoje przekonania, co mo\u017ce by\u0107 pomocne w procesie realizowania Twoich cel\u00f3w<\/p>\n\n\n\n<p>Je\u015bli czujesz, \u017ce utkn\u0105\u0142e\u015b w jakim\u015b obszarze swojego \u017cycia i nie wiesz w kt\u00f3r\u0105 stron\u0119 i\u015b\u0107, mo\u017cemy zaoferowa\u0107 Ci holistyczne wsparcie coachingowe, kt\u00f3re obejmuje coaching biznesowy, life coaching (coaching osobisty) oraz coaching relacji. Naszym celem jest wspacie Ciebie  w podr\u00f3\u017cy samopoznania oraz pokazanie narz\u0119dzi potrzebnych do poznania Twoich potrzeb i cel\u00f3w.<\/p>","protected":false},"excerpt":{"rendered":"<p>Are you going through a rough patch in life? Do you feel like you\u2019re not living up to your full potential? Do you lack a sense of direction? Maybe you have a goal but you don\u2019t have a plan, or you are dealing with stress and procrastination? If your answer is yes then you\u2019ve come [&hellip;]<\/p>\n","protected":false},"author":1,"featured_media":0,"parent":0,"menu_order":0,"comment_status":"closed","ping_status":"open","template":"","meta":{"footnotes":""},"jetpack_sharing_enabled":true,"_links":{"self":[{"href":"https:\/\/coach-lab.pl\/pl\/wp-json\/wp\/v2\/pages\/2"}],"collection":[{"href":"https:\/\/coach-lab.pl\/pl\/wp-json\/wp\/v2\/pages"}],"about":[{"href":"https:\/\/coach-lab.pl\/pl\/wp-json\/wp\/v2\/types\/page"}],"author":[{"embeddable":true,"href":"https:\/\/coach-lab.pl\/pl\/wp-json\/wp\/v2\/users\/1"}],"replies":[{"embeddable":true,"href":"https:\/\/coach-lab.pl\/pl\/wp-json\/wp\/v2\/comments?post=2"}],"version-history":[{"count":6,"href":"https:\/\/coach-lab.pl\/pl\/wp-json\/wp\/v2\/pages\/2\/revisions"}],"predecessor-version":[{"id":137,"href":"https:\/\/coach-lab.pl\/pl\/wp-json\/wp\/v2\/pages\/2\/revisions\/137"}],"wp:attachment":[{"href":"https:\/\/coach-lab.pl\/pl\/wp-json\/wp\/v2\/media?parent=2"}],"curies":[{"name":"wp","href":"https:\/\/api.w.org\/{rel}","templated":true}]}}