{"id":26,"date":"2022-07-15T08:05:16","date_gmt":"2022-07-15T08:05:16","guid":{"rendered":"https:\/\/coach-lab.pl\/?page_id=26"},"modified":"2022-12-09T08:57:26","modified_gmt":"2022-12-09T08:57:26","slug":"contact-the-coach","status":"publish","type":"page","link":"https:\/\/coach-lab.pl\/pl\/zarezerwuj-sesje\/","title":{"rendered":"Zarezerwuj sesj\u0119"},"content":{"rendered":"<figure class=\"wp-block-image alignright size-full is-resized is-style-rounded wp-duotone-1900d8-ffa96b-1\"><img loading=\"lazy\" decoding=\"async\" src=\"https:\/\/coach-lab.pl\/wp-content\/uploads\/2022\/07\/1575542904489.jpeg\" alt=\"\" class=\"wp-image-53\" width=\"166\" height=\"166\" srcset=\"https:\/\/coach-lab.pl\/wp-content\/uploads\/2022\/07\/1575542904489.jpeg 500w, https:\/\/coach-lab.pl\/wp-content\/uploads\/2022\/07\/1575542904489-300x300.jpeg 300w, https:\/\/coach-lab.pl\/wp-content\/uploads\/2022\/07\/1575542904489-150x150.jpeg 150w, https:\/\/coach-lab.pl\/wp-content\/uploads\/2022\/07\/1575542904489-12x12.jpeg 12w\" sizes=\"(max-width: 166px) 100vw, 166px\" \/><\/figure>\n\n\n\n<p> Spotkanie coachingowe mo\u017ce by\u0107 \u015bwietnym sposobem na rozpocz\u0119cie Twojej drogi do osi\u0105gania Twoich cel\u00f3w i ulepszenia Twoich umiej\u0119tno\u015bci. Mog\u0119 wspom\u00f3c Ci\u0119 w procesie podejmowania Twoich decyzji, szukania najlepszych dla Ciebie rozwi\u0105za\u0144 oraz wsparze\u0107 podczas pojawiaj\u0105cych si\u0119 wyzwania aby osi\u0105gn\u0105\u0107 po\u017c\u0105dane rezultaty. Sta\u0142a wsp\u00f3\u0142praca z coachem mo\u017ce podnie\u015b\u0107 zaanga\u017cowanie i motywacj\u0119; jest to pomocne w utrzymaniu obranego kierunku i robieniu post\u0119p\u00f3w. <\/p>\n\n\n\n<p><\/p>\n\n\n\n<h2 class=\"wp-block-heading\">Zarezerwuj online, pierwsza sesja jest darmowa<\/h2>\n\n\n\n<\/p>\n<p>\n<!-- Google Calendar Appointment Scheduling begin --><br>\n<iframe loading=\"lazy\" src=\"https:\/\/calendar.google.com\/calendar\/appointments\/schedules\/AcZssZ32aVhzgi2zKeZ2lJHluHAWxElKMwGmG--fPqO1UGM6N-Gy7959yTHK69fQFsAZnKDukalWVmxl?gv=true\" style=\"border: 0\" width=\"100%\" height=\"600\" frameborder=\"0\"><\/iframe><br>\n<!-- end Google Calendar Appointment Scheduling -->\n<\/p>\n<p> \n<p>Rezerwacja sesji coachingowej to \u015bwietna inwestycja w rozw\u00f3j osobisty i zawodowy. Trener mo\u017ce zapewni\u0107 spersonalizowane wsparcie i wskaz\u00f3wki, kt\u00f3re pomog\u0105 Ci osi\u0105gn\u0105\u0107 cele, pokona\u0107 wyzwania i poprawi\u0107 og\u00f3lne samopoczucie.<\/p>\n<p>Dzi\u0119ki sesji coachingowej b\u0119dziesz mia\u0142 okazj\u0119 pracowa\u0107 z ekspertem, kt\u00f3ry jest przeszkolony, aby pom\u00f3c Ci zidentyfikowa\u0107 Twoje mocne i s\u0142abe strony oraz obszary do poprawy. Dostarcz\u0105 r\u00f3wnie\u017c cennych informacji zwrotnych i spostrze\u017ce\u0144, kt\u00f3re pomog\u0105 Ci dokona\u0107 znacz\u0105cych zmian w Twoim \u017cyciu.<\/p>\n<p>Sesje coachingowe to r\u00f3wnie\u017c bezpieczna i poufna przestrze\u0144, w kt\u00f3rej mo\u017cesz dzieli\u0107 si\u0119 swoimi przemy\u015bleniami, uczuciami i obawami bez obawy o os\u0105d. Mo\u017ce to by\u0107 szczeg\u00f3lnie pomocne, je\u015bli masz do czynienia z trudnymi lub dra\u017cliwymi kwestiami, o kt\u00f3rych mo\u017cesz nie czu\u0107 si\u0119 komfortowo, rozmawiaj\u0105c z przyjaci\u00f3\u0142mi lub rodzin\u0105.<\/p>\n<p>Ponadto sesje coachingowe mog\u0105 zapewni\u0107 odpowiedzialno\u015b\u0107 i motywacj\u0119, kt\u00f3re pomog\u0105 Ci pozosta\u0107 na dobrej drodze i robi\u0107 post\u0119py w osi\u0105ganiu cel\u00f3w. Tw\u00f3j trener b\u0119dzie z Tob\u0105 wsp\u00f3\u0142pracowa\u0142, aby stworzy\u0107 plan dzia\u0142ania i zapewni ci\u0105g\u0142e wsparcie i zach\u0119t\u0119, aby pom\u00f3c Ci osi\u0105gn\u0105\u0107 po\u017c\u0105dane rezultaty.<\/p>\n<p>Og\u00f3lnie rzecz bior\u0105c, rezerwacja sesji coachingowej jest cenn\u0105 inwestycj\u0105 w rozw\u00f3j osobisty i zawodowy. Mo\u017ce zapewni\u0107 cenne wsparcie, wskaz\u00f3wki i odpowiedzialno\u015b\u0107, aby pom\u00f3c ci w pe\u0142ni wykorzysta\u0107 sw\u00f3j potencja\u0142 i prowadzi\u0107 szcz\u0119\u015bliwsze, bardziej satysfakcjonuj\u0105ce \u017cycie.\n<\/p>","protected":false},"excerpt":{"rendered":"<p>Reserving a coaching session can be a great way to help you achieve your goals and improve your skills. A coach can provide personalized guidance and support to help you overcome challenges and achieve your desired outcomes. They can also offer a fresh perspective and help you develop new strategies to achieve your goals. Additionally, [&hellip;]<\/p>\n","protected":false},"author":1,"featured_media":0,"parent":0,"menu_order":0,"comment_status":"closed","ping_status":"closed","template":"","meta":{"footnotes":""},"jetpack_sharing_enabled":true,"_links":{"self":[{"href":"https:\/\/coach-lab.pl\/pl\/wp-json\/wp\/v2\/pages\/26"}],"collection":[{"href":"https:\/\/coach-lab.pl\/pl\/wp-json\/wp\/v2\/pages"}],"about":[{"href":"https:\/\/coach-lab.pl\/pl\/wp-json\/wp\/v2\/types\/page"}],"author":[{"embeddable":true,"href":"https:\/\/coach-lab.pl\/pl\/wp-json\/wp\/v2\/users\/1"}],"replies":[{"embeddable":true,"href":"https:\/\/coach-lab.pl\/pl\/wp-json\/wp\/v2\/comments?post=26"}],"version-history":[{"count":25,"href":"https:\/\/coach-lab.pl\/pl\/wp-json\/wp\/v2\/pages\/26\/revisions"}],"predecessor-version":[{"id":155,"href":"https:\/\/coach-lab.pl\/pl\/wp-json\/wp\/v2\/pages\/26\/revisions\/155"}],"wp:attachment":[{"href":"https:\/\/coach-lab.pl\/pl\/wp-json\/wp\/v2\/media?parent=26"}],"curies":[{"name":"wp","href":"https:\/\/api.w.org\/{rel}","templated":true}]}}