{"id":69,"date":"2022-07-28T13:07:46","date_gmt":"2022-07-28T13:07:46","guid":{"rendered":"https:\/\/coach-lab.pl\/?page_id=69"},"modified":"2022-12-22T07:48:50","modified_gmt":"2022-12-22T07:48:50","slug":"relationship-coaching","status":"publish","type":"page","link":"https:\/\/coach-lab.pl\/pl\/coaching-relacji\/","title":{"rendered":"Coaching relacji"},"content":{"rendered":"<p>Z r\u00f3\u017cnych powod\u00f3w do\u015bwiadczamy r\u00f3\u017cnych rodzaj\u00f3w emocjonalnego niepokoju w naszych zwi\u0105zkach. Czasami wydaje si\u0119, \u017ce po prostu nie mo\u017cesz znale\u017a\u0107 partnera lub zbudowa\u0107 zdrowego zwi\u0105zku. Poszukiwanie pomocy do\u015bwiadczonego trenera relacji mo\u017ce by\u0107 idealnym rozwi\u0105zaniem problemu w zwi\u0105zku.<\/p>\n\n\n\n<p>Oto niekt\u00f3re ze sposob\u00f3w, w jakie coaching relacji mo\u017ce spowodowa\u0107 po\u017c\u0105dan\u0105 zmian\u0119 w twoim zwi\u0105zku.<\/p>\n\n\n\n<figure class=\"wp-block-image alignright size-large is-resized\"><img loading=\"lazy\" decoding=\"async\" src=\"https:\/\/coach-lab.pl\/wp-content\/uploads\/2022\/12\/DALL\u00b7E-2022-12-22-08.44.41-relationship-digital-art-1024x1024.png\" alt=\"\" class=\"wp-image-164\" width=\"251\" height=\"251\" srcset=\"https:\/\/coach-lab.pl\/wp-content\/uploads\/2022\/12\/DALL\u00b7E-2022-12-22-08.44.41-relationship-digital-art.png 1024w, https:\/\/coach-lab.pl\/wp-content\/uploads\/2022\/12\/DALL\u00b7E-2022-12-22-08.44.41-relationship-digital-art-300x300.png 300w, https:\/\/coach-lab.pl\/wp-content\/uploads\/2022\/12\/DALL\u00b7E-2022-12-22-08.44.41-relationship-digital-art-150x150.png 150w, https:\/\/coach-lab.pl\/wp-content\/uploads\/2022\/12\/DALL\u00b7E-2022-12-22-08.44.41-relationship-digital-art-768x768.png 768w, https:\/\/coach-lab.pl\/wp-content\/uploads\/2022\/12\/DALL\u00b7E-2022-12-22-08.44.41-relationship-digital-art-12x12.png 12w\" sizes=\"(max-width: 251px) 100vw, 251px\" \/><\/figure>\n\n\n\n<ol>\n<li><a><\/a><strong>Pomaga lepiej zrozumie\u0107 siebie<\/strong><\/li>\n<\/ol>\n\n\n\n<p>Aby rozwin\u0105\u0107 dobre relacje z innymi, musisz najpierw zrozumie\u0107 swoje zachowanie i spos\u00f3b my\u015blenia oraz to, jak wp\u0142ywa to na innych. Coaching relacji pomaga odkry\u0107 negatywne nastawienie i wzorce zachowa\u0144 oraz sk\u0142oni\u0107 Ci\u0119 do podejmowania lepszych decyzji<\/p>\n\n\n\n<ol start=\"2\">\n<li><a><\/a><strong>Rozwi\u0105\u017c g\u0142\u0119bokie problemy osobiste<\/strong><\/li>\n<\/ol>\n\n\n\n<p>Po zidentyfikowaniu wzorc\u00f3w mo\u017cesz teraz pracowa\u0107 nad swoimi g\u0142\u0119bokimi problemami z profesjonalnym trenerem relacji. Pomog\u0105 ci zrozumie\u0107 przyczyn\u0119 tych problem\u00f3w i sposoby ich rozwi\u0105zania.<\/p>\n\n\n\n<ol start=\"3\">\n<li><a><\/a><strong>Popraw komunikacj\u0119<\/strong><\/li>\n<\/ol>\n\n\n\n<p>Nie od dzi\u015b wiadomo, \u017ce dobra komunikacja to podstawa ka\u017cdego udanego zwi\u0105zku. Twoja zdolno\u015b\u0107 do komunikowania swoich oczekiwa\u0144, pragnie\u0144, ambicji, niezadowolenia i uczu\u0107 z partnerem w emocjonalnie inteligentny spos\u00f3b ma kluczowe znaczenie dla utrzymania zdrowego zwi\u0105zku. Coaching relacji pomaga \u0142atwiej komunikowa\u0107 si\u0119 i rozwi\u0105zywa\u0107 konflikty bez z\u0142o\u015bci i frustracji.<\/p>\n\n\n\n<ol start=\"4\">\n<li><a><\/a><strong>Pomaga rozwija\u0107 i wzmacnia\u0107 intymno\u015b\u0107<\/strong><\/li>\n<\/ol>\n\n\n\n<p>Coaching relacji mo\u017ce pom\u00f3c Ci rozwin\u0105\u0107 umiej\u0119tno\u015bci romantyczne. Wa\u017cne jest, aby\u015b zrozumia\u0142 pragnienia partnera i spontanicznie pr\u00f3bowa\u0142 je rozwi\u0105za\u0107. Coaching relacji wzmocni Twoje poczucie intymno\u015bci emocjonalnej i o\u017cywi Tw\u00f3j zwi\u0105zek.<\/p>","protected":false},"excerpt":{"rendered":"<p>We experience different types of emotional distress in our relationships for various reasons. Sometimes it seems like you just can\u2019t get it right in finding a partner or building a healthy relationship. Seeking help from an expert relationship coach can be the perfect solution to your relationship problem. These are some of the ways relationship [&hellip;]<\/p>\n","protected":false},"author":1,"featured_media":0,"parent":0,"menu_order":0,"comment_status":"closed","ping_status":"closed","template":"","meta":{"footnotes":""},"jetpack_sharing_enabled":true,"_links":{"self":[{"href":"https:\/\/coach-lab.pl\/pl\/wp-json\/wp\/v2\/pages\/69"}],"collection":[{"href":"https:\/\/coach-lab.pl\/pl\/wp-json\/wp\/v2\/pages"}],"about":[{"href":"https:\/\/coach-lab.pl\/pl\/wp-json\/wp\/v2\/types\/page"}],"author":[{"embeddable":true,"href":"https:\/\/coach-lab.pl\/pl\/wp-json\/wp\/v2\/users\/1"}],"replies":[{"embeddable":true,"href":"https:\/\/coach-lab.pl\/pl\/wp-json\/wp\/v2\/comments?post=69"}],"version-history":[{"count":5,"href":"https:\/\/coach-lab.pl\/pl\/wp-json\/wp\/v2\/pages\/69\/revisions"}],"predecessor-version":[{"id":171,"href":"https:\/\/coach-lab.pl\/pl\/wp-json\/wp\/v2\/pages\/69\/revisions\/171"}],"wp:attachment":[{"href":"https:\/\/coach-lab.pl\/pl\/wp-json\/wp\/v2\/media?parent=69"}],"curies":[{"name":"wp","href":"https:\/\/api.w.org\/{rel}","templated":true}]}}